{"id":2,"date":"2026-04-21T20:42:40","date_gmt":"2026-04-21T20:42:40","guid":{"rendered":"http:\/\/sarasvati-sculpture.art\/?page_id=2"},"modified":"2026-04-23T12:54:30","modified_gmt":"2026-04-23T10:54:30","slug":"sample-page","status":"publish","type":"page","link":"https:\/\/sarasvati-sculpture.art\/?page_id=2","title":{"rendered":"Contact"},"content":{"rendered":"\n<p>Pour me contacter, passer une commande, venir d\u00e9couvrir mes pi\u00e8ces au magasin \u00e0 Saint-Quentin la Poterie dans le Gard, pr\u00e8s d&rsquo;Uz\u00e9s.<\/p>\n\n\n\n<blockquote class=\"wp-block-quote is-layout-flow wp-block-quote-is-layout-flow\">\n<p> &#8230;..<\/p>\n\n\n\n<p>&#8230;&#8230;.<\/p>\n\n\n\n<p>&#8230;&#8230;.<\/p>\n<\/blockquote>\n\n\n\n<p class=\"has-tertiary-background-color has-background\">envoyez un courriel \u00e0 &#8230;&#8230;.. ou <\/p>\n\n\n\n<figure class=\"wp-block-image size-large\"><img loading=\"lazy\" decoding=\"async\" width=\"1024\" height=\"768\" src=\"https:\/\/sarasvati-sculpture.art\/wp-content\/uploads\/2026\/04\/20260226_115725-demi-1024x768.jpg\" alt=\"\" class=\"wp-image-7\" srcset=\"https:\/\/sarasvati-sculpture.art\/wp-content\/uploads\/2026\/04\/20260226_115725-demi-1024x768.jpg 1024w, https:\/\/sarasvati-sculpture.art\/wp-content\/uploads\/2026\/04\/20260226_115725-demi-300x225.jpg 300w, https:\/\/sarasvati-sculpture.art\/wp-content\/uploads\/2026\/04\/20260226_115725-demi-768x576.jpg 768w, https:\/\/sarasvati-sculpture.art\/wp-content\/uploads\/2026\/04\/20260226_115725-demi-1536x1152.jpg 1536w, https:\/\/sarasvati-sculpture.art\/wp-content\/uploads\/2026\/04\/20260226_115725-demi.jpg 2000w\" sizes=\"auto, (max-width: 1024px) 100vw, 1024px\" \/><\/figure>\n\n\n\n<p><\/p>\n","protected":false},"excerpt":{"rendered":"<p>Pour me contacter, passer une commande, venir d\u00e9couvrir mes pi\u00e8ces au magasin \u00e0 Saint-Quentin la Poterie dans le Gard, pr\u00e8s d&rsquo;Uz\u00e9s. &#8230;.. &#8230;&#8230;. &#8230;&#8230;. envoyez un courriel \u00e0 &#8230;&#8230;.. ou<\/p>\n","protected":false},"author":1,"featured_media":0,"parent":0,"menu_order":0,"comment_status":"closed","ping_status":"open","template":"","meta":{"footnotes":""},"class_list":["post-2","page","type-page","status-publish","hentry"],"_links":{"self":[{"href":"https:\/\/sarasvati-sculpture.art\/index.php?rest_route=\/wp\/v2\/pages\/2","targetHints":{"allow":["GET"]}}],"collection":[{"href":"https:\/\/sarasvati-sculpture.art\/index.php?rest_route=\/wp\/v2\/pages"}],"about":[{"href":"https:\/\/sarasvati-sculpture.art\/index.php?rest_route=\/wp\/v2\/types\/page"}],"author":[{"embeddable":true,"href":"https:\/\/sarasvati-sculpture.art\/index.php?rest_route=\/wp\/v2\/users\/1"}],"replies":[{"embeddable":true,"href":"https:\/\/sarasvati-sculpture.art\/index.php?rest_route=%2Fwp%2Fv2%2Fcomments&post=2"}],"version-history":[{"count":7,"href":"https:\/\/sarasvati-sculpture.art\/index.php?rest_route=\/wp\/v2\/pages\/2\/revisions"}],"predecessor-version":[{"id":62,"href":"https:\/\/sarasvati-sculpture.art\/index.php?rest_route=\/wp\/v2\/pages\/2\/revisions\/62"}],"wp:attachment":[{"href":"https:\/\/sarasvati-sculpture.art\/index.php?rest_route=%2Fwp%2Fv2%2Fmedia&parent=2"}],"curies":[{"name":"wp","href":"https:\/\/api.w.org\/{rel}","templated":true}]}}